{"id":959,"date":"2022-12-24T03:54:11","date_gmt":"2022-12-24T03:54:11","guid":{"rendered":"https:\/\/huehuecoyotl.net\/inicio\/?page_id=959"},"modified":"2022-12-24T06:00:03","modified_gmt":"2022-12-24T06:00:03","slug":"kathy-sartor","status":"publish","type":"page","link":"https:\/\/huehuecoyotl.net\/inicio\/kathy-sartor\/","title":{"rendered":"Kathy Sartor"},"content":{"rendered":"\n<figure class=\"wp-block-image size-full is-resized\"><img data-recalc-dims=\"1\" fetchpriority=\"high\" decoding=\"async\" src=\"https:\/\/i0.wp.com\/huehuecoyotl.net\/inicio\/wp-content\/uploads\/2022\/12\/Kathy.jpg?resize=337%2C253&#038;ssl=1\" alt=\"\" class=\"wp-image-964\" width=\"337\" height=\"253\"\/><\/figure>\n\n\n\n<p>Kathleen Sartor, nacida en Minnesota.<\/p>\n\n\n\n<p>Co-fundadora de Huehuec\u00f3yotl, desde los d\u00edas de los Elefantes Iluminados.<\/p>\n\n\n\n<p>Realiza presentaciones culturales con el grupo musical Sirius Coyote<\/p>\n\n\n\n<p>Kathleen Sartor, born in Minnesota.<\/p>\n\n\n\n<p>Co-founder of Huehuecoyotl since Illuminated Elephants days.<\/p>\n\n\n\n<p>Performs with musical group Sirius Coyote<\/p>\n","protected":false},"excerpt":{"rendered":"<p>Kathleen Sartor, nacida en Minnesota. Co-fundadora de Huehuec\u00f3yotl, desde los d\u00edas de los Elefantes Iluminados. Realiza presentaciones culturales con el grupo musical Sirius Coyote Kathleen Sartor, born in Minnesota. Co-founder of Huehuecoyotl since Illuminated Elephants days. Performs with musical group Sirius Coyote<\/p>\n","protected":false},"author":1,"featured_media":0,"parent":0,"menu_order":0,"comment_status":"closed","ping_status":"closed","template":"","meta":{"om_disable_all_campaigns":false,"site-sidebar-layout":"default","site-content-layout":"default","ast-global-header-display":"","ast-main-header-display":"","ast-hfb-above-header-display":"","ast-hfb-below-header-display":"","ast-hfb-mobile-header-display":"","site-post-title":"","ast-breadcrumbs-content":"","ast-featured-img":"","footer-sml-layout":"","theme-transparent-header-meta":"","adv-header-id-meta":"","stick-header-meta":"","header-above-stick-meta":"","header-main-stick-meta":"","header-below-stick-meta":"","footnotes":""},"class_list":["post-959","page","type-page","status-publish","hentry"],"yoast_head":"<!-- This site is optimized with the Yoast SEO plugin v27.2 - https:\/\/yoast.com\/product\/yoast-seo-wordpress\/ -->\n<title>Kathy Sartor - Huehuec\u00f3yotl<\/title>\n<meta name=\"robots\" content=\"index, follow, max-snippet:-1, max-image-preview:large, max-video-preview:-1\" \/>\n<link rel=\"canonical\" href=\"https:\/\/huehuecoyotl.net\/inicio\/kathy-sartor\/\" \/>\n<meta property=\"og:locale\" content=\"en_US\" \/>\n<meta property=\"og:type\" content=\"article\" \/>\n<meta property=\"og:title\" content=\"Kathy Sartor - Huehuec\u00f3yotl\" \/>\n<meta property=\"og:description\" content=\"Kathleen Sartor, nacida en Minnesota. Co-fundadora de Huehuec\u00f3yotl, desde los d\u00edas de los Elefantes Iluminados. Realiza presentaciones culturales con el grupo musical Sirius Coyote Kathleen Sartor, born in Minnesota. Co-founder of Huehuecoyotl since Illuminated Elephants days. Performs with musical group Sirius Coyote\" \/>\n<meta property=\"og:url\" content=\"https:\/\/huehuecoyotl.net\/inicio\/kathy-sartor\/\" \/>\n<meta property=\"og:site_name\" content=\"Huehuec\u00f3yotl\" \/>\n<meta property=\"article:modified_time\" content=\"2022-12-24T06:00:03+00:00\" \/>\n<meta property=\"og:image\" content=\"https:\/\/huehuecoyotl.net\/inicio\/wp-content\/uploads\/2022\/12\/Kathy.jpg\" \/>\n<meta name=\"twitter:card\" content=\"summary_large_image\" \/>\n<meta name=\"twitter:label1\" content=\"Est. reading time\" \/>\n\t<meta name=\"twitter:data1\" content=\"1 minute\" \/>\n<script type=\"application\/ld+json\" class=\"yoast-schema-graph\">{\"@context\":\"https:\/\/schema.org\",\"@graph\":[{\"@type\":\"WebPage\",\"@id\":\"https:\/\/huehuecoyotl.net\/inicio\/kathy-sartor\/\",\"url\":\"https:\/\/huehuecoyotl.net\/inicio\/kathy-sartor\/\",\"name\":\"Kathy Sartor - Huehuec\u00f3yotl\",\"isPartOf\":{\"@id\":\"https:\/\/huehuecoyotl.net\/inicio\/#website\"},\"primaryImageOfPage\":{\"@id\":\"https:\/\/huehuecoyotl.net\/inicio\/kathy-sartor\/#primaryimage\"},\"image\":{\"@id\":\"https:\/\/huehuecoyotl.net\/inicio\/kathy-sartor\/#primaryimage\"},\"thumbnailUrl\":\"https:\/\/huehuecoyotl.net\/inicio\/wp-content\/uploads\/2022\/12\/Kathy.jpg\",\"datePublished\":\"2022-12-24T03:54:11+00:00\",\"dateModified\":\"2022-12-24T06:00:03+00:00\",\"breadcrumb\":{\"@id\":\"https:\/\/huehuecoyotl.net\/inicio\/kathy-sartor\/#breadcrumb\"},\"inLanguage\":\"en-US\",\"potentialAction\":[{\"@type\":\"ReadAction\",\"target\":[\"https:\/\/huehuecoyotl.net\/inicio\/kathy-sartor\/\"]}]},{\"@type\":\"ImageObject\",\"inLanguage\":\"en-US\",\"@id\":\"https:\/\/huehuecoyotl.net\/inicio\/kathy-sartor\/#primaryimage\",\"url\":\"https:\/\/i0.wp.com\/huehuecoyotl.net\/inicio\/wp-content\/uploads\/2022\/12\/Kathy.jpg?fit=300%2C225&ssl=1\",\"contentUrl\":\"https:\/\/i0.wp.com\/huehuecoyotl.net\/inicio\/wp-content\/uploads\/2022\/12\/Kathy.jpg?fit=300%2C225&ssl=1\",\"width\":300,\"height\":225},{\"@type\":\"BreadcrumbList\",\"@id\":\"https:\/\/huehuecoyotl.net\/inicio\/kathy-sartor\/#breadcrumb\",\"itemListElement\":[{\"@type\":\"ListItem\",\"position\":1,\"name\":\"Home\",\"item\":\"https:\/\/huehuecoyotl.net\/inicio\/\"},{\"@type\":\"ListItem\",\"position\":2,\"name\":\"Kathy Sartor\"}]},{\"@type\":\"WebSite\",\"@id\":\"https:\/\/huehuecoyotl.net\/inicio\/#website\",\"url\":\"https:\/\/huehuecoyotl.net\/inicio\/\",\"name\":\"Huehuec\u00f3yotl\",\"description\":\"eco-aldea\",\"potentialAction\":[{\"@type\":\"SearchAction\",\"target\":{\"@type\":\"EntryPoint\",\"urlTemplate\":\"https:\/\/huehuecoyotl.net\/inicio\/?s={search_term_string}\"},\"query-input\":{\"@type\":\"PropertyValueSpecification\",\"valueRequired\":true,\"valueName\":\"search_term_string\"}}],\"inLanguage\":\"en-US\"}]}<\/script>\n<!-- \/ Yoast SEO plugin. -->","yoast_head_json":{"title":"Kathy Sartor - Huehuec\u00f3yotl","robots":{"index":"index","follow":"follow","max-snippet":"max-snippet:-1","max-image-preview":"max-image-preview:large","max-video-preview":"max-video-preview:-1"},"canonical":"https:\/\/huehuecoyotl.net\/inicio\/kathy-sartor\/","og_locale":"en_US","og_type":"article","og_title":"Kathy Sartor - Huehuec\u00f3yotl","og_description":"Kathleen Sartor, nacida en Minnesota. Co-fundadora de Huehuec\u00f3yotl, desde los d\u00edas de los Elefantes Iluminados. Realiza presentaciones culturales con el grupo musical Sirius Coyote Kathleen Sartor, born in Minnesota. Co-founder of Huehuecoyotl since Illuminated Elephants days. Performs with musical group Sirius Coyote","og_url":"https:\/\/huehuecoyotl.net\/inicio\/kathy-sartor\/","og_site_name":"Huehuec\u00f3yotl","article_modified_time":"2022-12-24T06:00:03+00:00","og_image":[{"url":"https:\/\/huehuecoyotl.net\/inicio\/wp-content\/uploads\/2022\/12\/Kathy.jpg","type":"","width":"","height":""}],"twitter_card":"summary_large_image","twitter_misc":{"Est. reading time":"1 minute"},"schema":{"@context":"https:\/\/schema.org","@graph":[{"@type":"WebPage","@id":"https:\/\/huehuecoyotl.net\/inicio\/kathy-sartor\/","url":"https:\/\/huehuecoyotl.net\/inicio\/kathy-sartor\/","name":"Kathy Sartor - Huehuec\u00f3yotl","isPartOf":{"@id":"https:\/\/huehuecoyotl.net\/inicio\/#website"},"primaryImageOfPage":{"@id":"https:\/\/huehuecoyotl.net\/inicio\/kathy-sartor\/#primaryimage"},"image":{"@id":"https:\/\/huehuecoyotl.net\/inicio\/kathy-sartor\/#primaryimage"},"thumbnailUrl":"https:\/\/huehuecoyotl.net\/inicio\/wp-content\/uploads\/2022\/12\/Kathy.jpg","datePublished":"2022-12-24T03:54:11+00:00","dateModified":"2022-12-24T06:00:03+00:00","breadcrumb":{"@id":"https:\/\/huehuecoyotl.net\/inicio\/kathy-sartor\/#breadcrumb"},"inLanguage":"en-US","potentialAction":[{"@type":"ReadAction","target":["https:\/\/huehuecoyotl.net\/inicio\/kathy-sartor\/"]}]},{"@type":"ImageObject","inLanguage":"en-US","@id":"https:\/\/huehuecoyotl.net\/inicio\/kathy-sartor\/#primaryimage","url":"https:\/\/i0.wp.com\/huehuecoyotl.net\/inicio\/wp-content\/uploads\/2022\/12\/Kathy.jpg?fit=300%2C225&ssl=1","contentUrl":"https:\/\/i0.wp.com\/huehuecoyotl.net\/inicio\/wp-content\/uploads\/2022\/12\/Kathy.jpg?fit=300%2C225&ssl=1","width":300,"height":225},{"@type":"BreadcrumbList","@id":"https:\/\/huehuecoyotl.net\/inicio\/kathy-sartor\/#breadcrumb","itemListElement":[{"@type":"ListItem","position":1,"name":"Home","item":"https:\/\/huehuecoyotl.net\/inicio\/"},{"@type":"ListItem","position":2,"name":"Kathy Sartor"}]},{"@type":"WebSite","@id":"https:\/\/huehuecoyotl.net\/inicio\/#website","url":"https:\/\/huehuecoyotl.net\/inicio\/","name":"Huehuec\u00f3yotl","description":"eco-aldea","potentialAction":[{"@type":"SearchAction","target":{"@type":"EntryPoint","urlTemplate":"https:\/\/huehuecoyotl.net\/inicio\/?s={search_term_string}"},"query-input":{"@type":"PropertyValueSpecification","valueRequired":true,"valueName":"search_term_string"}}],"inLanguage":"en-US"}]}},"jetpack_sharing_enabled":true,"_links":{"self":[{"href":"https:\/\/huehuecoyotl.net\/inicio\/wp-json\/wp\/v2\/pages\/959","targetHints":{"allow":["GET"]}}],"collection":[{"href":"https:\/\/huehuecoyotl.net\/inicio\/wp-json\/wp\/v2\/pages"}],"about":[{"href":"https:\/\/huehuecoyotl.net\/inicio\/wp-json\/wp\/v2\/types\/page"}],"author":[{"embeddable":true,"href":"https:\/\/huehuecoyotl.net\/inicio\/wp-json\/wp\/v2\/users\/1"}],"replies":[{"embeddable":true,"href":"https:\/\/huehuecoyotl.net\/inicio\/wp-json\/wp\/v2\/comments?post=959"}],"version-history":[{"count":5,"href":"https:\/\/huehuecoyotl.net\/inicio\/wp-json\/wp\/v2\/pages\/959\/revisions"}],"predecessor-version":[{"id":1154,"href":"https:\/\/huehuecoyotl.net\/inicio\/wp-json\/wp\/v2\/pages\/959\/revisions\/1154"}],"wp:attachment":[{"href":"https:\/\/huehuecoyotl.net\/inicio\/wp-json\/wp\/v2\/media?parent=959"}],"curies":[{"name":"wp","href":"https:\/\/api.w.org\/{rel}","templated":true}]}}