{"id":941,"date":"2022-12-24T03:44:28","date_gmt":"2022-12-24T03:44:28","guid":{"rendered":"https:\/\/huehuecoyotl.net\/inicio\/?page_id=941"},"modified":"2022-12-24T04:21:47","modified_gmt":"2022-12-24T04:21:47","slug":"lourdes-ondategi","status":"publish","type":"page","link":"https:\/\/huehuecoyotl.net\/inicio\/lourdes-ondategi\/","title":{"rendered":"Lourdes Ondategi"},"content":{"rendered":"\n<p><em>Nacida en el Pa\u00eds Vasco&nbsp;<\/em><\/p>\n\n\n\n<p><em>Miembra de Huehuec\u00f3yotl desde 1990, madre de Solkin Ruz Ondategui, actor de cine, teatro y TV. Lourdes es una reconocida terapeuta, psic\u00f3loga y sanadora, y es la distribuidora oficial de las esencias florales Nestinar en todo M\u00e9xico.<\/em><\/p>\n\n\n\n<p><em>Email: nestinarmex@prodigy.net.mx<\/em><\/p>\n\n\n\n<p><em>Tel\u00e9fonos; 739 3952-379 &nbsp;y 739-395-50012&nbsp;<\/em><\/p>\n\n\n\n<figure class=\"wp-block-image aligncenter size-full is-resized\"><img data-recalc-dims=\"1\" fetchpriority=\"high\" decoding=\"async\" src=\"https:\/\/i0.wp.com\/huehuecoyotl.net\/inicio\/wp-content\/uploads\/2022\/12\/Ceremonia-de-solsticio-de-Verano-en-HH-1024x704-1.jpg?resize=383%2C263&#038;ssl=1\" alt=\"\" class=\"wp-image-947\" width=\"383\" height=\"263\" srcset=\"https:\/\/i0.wp.com\/huehuecoyotl.net\/inicio\/wp-content\/uploads\/2022\/12\/Ceremonia-de-solsticio-de-Verano-en-HH-1024x704-1.jpg?w=1024&amp;ssl=1 1024w, https:\/\/i0.wp.com\/huehuecoyotl.net\/inicio\/wp-content\/uploads\/2022\/12\/Ceremonia-de-solsticio-de-Verano-en-HH-1024x704-1.jpg?resize=300%2C206&amp;ssl=1 300w, https:\/\/i0.wp.com\/huehuecoyotl.net\/inicio\/wp-content\/uploads\/2022\/12\/Ceremonia-de-solsticio-de-Verano-en-HH-1024x704-1.jpg?resize=768%2C528&amp;ssl=1 768w\" sizes=\"(max-width: 383px) 100vw, 383px\" \/><figcaption class=\"wp-element-caption\"><em><strong>FESTIVAL DE PRIMAVERA EN HUEHUEC\u00d3YOTL<\/strong><\/em><\/figcaption><\/figure>\n\n\n\n<p>Born in the Basque Country.<\/p>\n\n\n\n<p>Member since 1990. Psychologist. Healer and &nbsp;therapist. Flower essences distributor for Nestinar, Mexico.<\/p>\n\n\n\n<p>Email: nestinarmex@prodigy.net.mx<\/p>\n\n\n\n<p>Telephone: 739-395-5015<\/p>\n\n\n\n<figure class=\"wp-block-image aligncenter size-full is-resized\"><img data-recalc-dims=\"1\" decoding=\"async\" src=\"https:\/\/i0.wp.com\/huehuecoyotl.net\/inicio\/wp-content\/uploads\/2022\/12\/Lourdes-en-Puente-Guatemala-300x200-1.jpg?resize=353%2C235&#038;ssl=1\" alt=\"\" class=\"wp-image-949\" width=\"353\" height=\"235\"\/><figcaption class=\"wp-element-caption\"><strong><em>Lourdes &nbsp;ceremoniando en Guatemala<\/em><\/strong><\/figcaption><\/figure>\n\n\n\n<figure class=\"wp-block-image aligncenter size-full is-resized\"><img data-recalc-dims=\"1\" decoding=\"async\" src=\"https:\/\/i0.wp.com\/huehuecoyotl.net\/inicio\/wp-content\/uploads\/2022\/12\/Visita-del-EZLN-a-Tepoztlan-Lourdes-zapatista-300x192-1.jpg?resize=352%2C225&#038;ssl=1\" alt=\"\" class=\"wp-image-951\" width=\"352\" height=\"225\"\/><figcaption class=\"wp-element-caption\"><strong>Lourdes \u201cZapatista\u201d en Tepoztl\u00e1n<\/strong><\/figcaption><\/figure>\n\n\n\n<figure class=\"wp-block-image aligncenter size-full is-resized\"><img data-recalc-dims=\"1\" loading=\"lazy\" decoding=\"async\" src=\"https:\/\/i0.wp.com\/huehuecoyotl.net\/inicio\/wp-content\/uploads\/2022\/12\/DSCN4754-300x225-1.jpg?resize=348%2C261&#038;ssl=1\" alt=\"\" class=\"wp-image-953\" width=\"348\" height=\"261\"\/><figcaption class=\"wp-element-caption\"><strong>Lourdes con Solkin, Paolo y Andr\u00e9s<\/strong><\/figcaption><\/figure>\n\n\n\n<p><\/p>\n","protected":false},"excerpt":{"rendered":"<p>Nacida en el Pa\u00eds Vasco&nbsp; Miembra de Huehuec\u00f3yotl desde 1990, madre de Solkin Ruz Ondategui, actor de cine, teatro y TV. Lourdes es una reconocida terapeuta, psic\u00f3loga y sanadora, y es la distribuidora oficial de las esencias florales Nestinar en todo M\u00e9xico. Email: nestinarmex@prodigy.net.mx Tel\u00e9fonos; 739 3952-379 &nbsp;y 739-395-50012&nbsp; Born in the Basque Country. Member &hellip;<\/p>\n<p class=\"read-more\"> <a class=\"\" href=\"https:\/\/huehuecoyotl.net\/inicio\/lourdes-ondategi\/\"> <span class=\"screen-reader-text\">Lourdes Ondategi<\/span> Read More &raquo;<\/a><\/p>\n","protected":false},"author":1,"featured_media":0,"parent":0,"menu_order":0,"comment_status":"closed","ping_status":"closed","template":"","meta":{"om_disable_all_campaigns":false,"site-sidebar-layout":"default","site-content-layout":"default","ast-global-header-display":"","ast-main-header-display":"","ast-hfb-above-header-display":"","ast-hfb-below-header-display":"","ast-hfb-mobile-header-display":"","site-post-title":"","ast-breadcrumbs-content":"","ast-featured-img":"","footer-sml-layout":"","theme-transparent-header-meta":"","adv-header-id-meta":"","stick-header-meta":"","header-above-stick-meta":"","header-main-stick-meta":"","header-below-stick-meta":"","footnotes":""},"class_list":["post-941","page","type-page","status-publish","hentry"],"yoast_head":"<!-- This site is optimized with the Yoast SEO plugin v27.2 - https:\/\/yoast.com\/product\/yoast-seo-wordpress\/ -->\n<title>Lourdes Ondategi - Huehuec\u00f3yotl<\/title>\n<meta name=\"robots\" content=\"index, follow, max-snippet:-1, max-image-preview:large, max-video-preview:-1\" \/>\n<link rel=\"canonical\" href=\"https:\/\/huehuecoyotl.net\/inicio\/lourdes-ondategi\/\" \/>\n<meta property=\"og:locale\" content=\"en_US\" \/>\n<meta property=\"og:type\" content=\"article\" \/>\n<meta property=\"og:title\" content=\"Lourdes Ondategi - Huehuec\u00f3yotl\" \/>\n<meta property=\"og:description\" content=\"Nacida en el Pa\u00eds Vasco&nbsp; Miembra de Huehuec\u00f3yotl desde 1990, madre de Solkin Ruz Ondategui, actor de cine, teatro y TV. Lourdes es una reconocida terapeuta, psic\u00f3loga y sanadora, y es la distribuidora oficial de las esencias florales Nestinar en todo M\u00e9xico. Email: nestinarmex@prodigy.net.mx Tel\u00e9fonos; 739 3952-379 &nbsp;y 739-395-50012&nbsp; Born in the Basque Country. Member &hellip; Lourdes Ondategi Read More &raquo;\" \/>\n<meta property=\"og:url\" content=\"https:\/\/huehuecoyotl.net\/inicio\/lourdes-ondategi\/\" \/>\n<meta property=\"og:site_name\" content=\"Huehuec\u00f3yotl\" \/>\n<meta property=\"article:modified_time\" content=\"2022-12-24T04:21:47+00:00\" \/>\n<meta property=\"og:image\" content=\"https:\/\/huehuecoyotl.net\/inicio\/wp-content\/uploads\/2022\/12\/Ceremonia-de-solsticio-de-Verano-en-HH-1024x704-1.jpg\" \/>\n<meta name=\"twitter:card\" content=\"summary_large_image\" \/>\n<meta name=\"twitter:label1\" content=\"Est. reading time\" \/>\n\t<meta name=\"twitter:data1\" content=\"2 minutes\" \/>\n<script type=\"application\/ld+json\" class=\"yoast-schema-graph\">{\"@context\":\"https:\/\/schema.org\",\"@graph\":[{\"@type\":\"WebPage\",\"@id\":\"https:\/\/huehuecoyotl.net\/inicio\/lourdes-ondategi\/\",\"url\":\"https:\/\/huehuecoyotl.net\/inicio\/lourdes-ondategi\/\",\"name\":\"Lourdes Ondategi - Huehuec\u00f3yotl\",\"isPartOf\":{\"@id\":\"https:\/\/huehuecoyotl.net\/inicio\/#website\"},\"primaryImageOfPage\":{\"@id\":\"https:\/\/huehuecoyotl.net\/inicio\/lourdes-ondategi\/#primaryimage\"},\"image\":{\"@id\":\"https:\/\/huehuecoyotl.net\/inicio\/lourdes-ondategi\/#primaryimage\"},\"thumbnailUrl\":\"https:\/\/huehuecoyotl.net\/inicio\/wp-content\/uploads\/2022\/12\/Ceremonia-de-solsticio-de-Verano-en-HH-1024x704-1.jpg\",\"datePublished\":\"2022-12-24T03:44:28+00:00\",\"dateModified\":\"2022-12-24T04:21:47+00:00\",\"breadcrumb\":{\"@id\":\"https:\/\/huehuecoyotl.net\/inicio\/lourdes-ondategi\/#breadcrumb\"},\"inLanguage\":\"en-US\",\"potentialAction\":[{\"@type\":\"ReadAction\",\"target\":[\"https:\/\/huehuecoyotl.net\/inicio\/lourdes-ondategi\/\"]}]},{\"@type\":\"ImageObject\",\"inLanguage\":\"en-US\",\"@id\":\"https:\/\/huehuecoyotl.net\/inicio\/lourdes-ondategi\/#primaryimage\",\"url\":\"https:\/\/i0.wp.com\/huehuecoyotl.net\/inicio\/wp-content\/uploads\/2022\/12\/Ceremonia-de-solsticio-de-Verano-en-HH-1024x704-1.jpg?fit=1024%2C704&ssl=1\",\"contentUrl\":\"https:\/\/i0.wp.com\/huehuecoyotl.net\/inicio\/wp-content\/uploads\/2022\/12\/Ceremonia-de-solsticio-de-Verano-en-HH-1024x704-1.jpg?fit=1024%2C704&ssl=1\",\"width\":1024,\"height\":704},{\"@type\":\"BreadcrumbList\",\"@id\":\"https:\/\/huehuecoyotl.net\/inicio\/lourdes-ondategi\/#breadcrumb\",\"itemListElement\":[{\"@type\":\"ListItem\",\"position\":1,\"name\":\"Home\",\"item\":\"https:\/\/huehuecoyotl.net\/inicio\/\"},{\"@type\":\"ListItem\",\"position\":2,\"name\":\"Lourdes Ondategi\"}]},{\"@type\":\"WebSite\",\"@id\":\"https:\/\/huehuecoyotl.net\/inicio\/#website\",\"url\":\"https:\/\/huehuecoyotl.net\/inicio\/\",\"name\":\"Huehuec\u00f3yotl\",\"description\":\"eco-aldea\",\"potentialAction\":[{\"@type\":\"SearchAction\",\"target\":{\"@type\":\"EntryPoint\",\"urlTemplate\":\"https:\/\/huehuecoyotl.net\/inicio\/?s={search_term_string}\"},\"query-input\":{\"@type\":\"PropertyValueSpecification\",\"valueRequired\":true,\"valueName\":\"search_term_string\"}}],\"inLanguage\":\"en-US\"}]}<\/script>\n<!-- \/ Yoast SEO plugin. -->","yoast_head_json":{"title":"Lourdes Ondategi - Huehuec\u00f3yotl","robots":{"index":"index","follow":"follow","max-snippet":"max-snippet:-1","max-image-preview":"max-image-preview:large","max-video-preview":"max-video-preview:-1"},"canonical":"https:\/\/huehuecoyotl.net\/inicio\/lourdes-ondategi\/","og_locale":"en_US","og_type":"article","og_title":"Lourdes Ondategi - Huehuec\u00f3yotl","og_description":"Nacida en el Pa\u00eds Vasco&nbsp; Miembra de Huehuec\u00f3yotl desde 1990, madre de Solkin Ruz Ondategui, actor de cine, teatro y TV. Lourdes es una reconocida terapeuta, psic\u00f3loga y sanadora, y es la distribuidora oficial de las esencias florales Nestinar en todo M\u00e9xico. Email: nestinarmex@prodigy.net.mx Tel\u00e9fonos; 739 3952-379 &nbsp;y 739-395-50012&nbsp; Born in the Basque Country. Member &hellip; Lourdes Ondategi Read More &raquo;","og_url":"https:\/\/huehuecoyotl.net\/inicio\/lourdes-ondategi\/","og_site_name":"Huehuec\u00f3yotl","article_modified_time":"2022-12-24T04:21:47+00:00","og_image":[{"url":"https:\/\/huehuecoyotl.net\/inicio\/wp-content\/uploads\/2022\/12\/Ceremonia-de-solsticio-de-Verano-en-HH-1024x704-1.jpg","type":"","width":"","height":""}],"twitter_card":"summary_large_image","twitter_misc":{"Est. reading time":"2 minutes"},"schema":{"@context":"https:\/\/schema.org","@graph":[{"@type":"WebPage","@id":"https:\/\/huehuecoyotl.net\/inicio\/lourdes-ondategi\/","url":"https:\/\/huehuecoyotl.net\/inicio\/lourdes-ondategi\/","name":"Lourdes Ondategi - Huehuec\u00f3yotl","isPartOf":{"@id":"https:\/\/huehuecoyotl.net\/inicio\/#website"},"primaryImageOfPage":{"@id":"https:\/\/huehuecoyotl.net\/inicio\/lourdes-ondategi\/#primaryimage"},"image":{"@id":"https:\/\/huehuecoyotl.net\/inicio\/lourdes-ondategi\/#primaryimage"},"thumbnailUrl":"https:\/\/huehuecoyotl.net\/inicio\/wp-content\/uploads\/2022\/12\/Ceremonia-de-solsticio-de-Verano-en-HH-1024x704-1.jpg","datePublished":"2022-12-24T03:44:28+00:00","dateModified":"2022-12-24T04:21:47+00:00","breadcrumb":{"@id":"https:\/\/huehuecoyotl.net\/inicio\/lourdes-ondategi\/#breadcrumb"},"inLanguage":"en-US","potentialAction":[{"@type":"ReadAction","target":["https:\/\/huehuecoyotl.net\/inicio\/lourdes-ondategi\/"]}]},{"@type":"ImageObject","inLanguage":"en-US","@id":"https:\/\/huehuecoyotl.net\/inicio\/lourdes-ondategi\/#primaryimage","url":"https:\/\/i0.wp.com\/huehuecoyotl.net\/inicio\/wp-content\/uploads\/2022\/12\/Ceremonia-de-solsticio-de-Verano-en-HH-1024x704-1.jpg?fit=1024%2C704&ssl=1","contentUrl":"https:\/\/i0.wp.com\/huehuecoyotl.net\/inicio\/wp-content\/uploads\/2022\/12\/Ceremonia-de-solsticio-de-Verano-en-HH-1024x704-1.jpg?fit=1024%2C704&ssl=1","width":1024,"height":704},{"@type":"BreadcrumbList","@id":"https:\/\/huehuecoyotl.net\/inicio\/lourdes-ondategi\/#breadcrumb","itemListElement":[{"@type":"ListItem","position":1,"name":"Home","item":"https:\/\/huehuecoyotl.net\/inicio\/"},{"@type":"ListItem","position":2,"name":"Lourdes Ondategi"}]},{"@type":"WebSite","@id":"https:\/\/huehuecoyotl.net\/inicio\/#website","url":"https:\/\/huehuecoyotl.net\/inicio\/","name":"Huehuec\u00f3yotl","description":"eco-aldea","potentialAction":[{"@type":"SearchAction","target":{"@type":"EntryPoint","urlTemplate":"https:\/\/huehuecoyotl.net\/inicio\/?s={search_term_string}"},"query-input":{"@type":"PropertyValueSpecification","valueRequired":true,"valueName":"search_term_string"}}],"inLanguage":"en-US"}]}},"jetpack_sharing_enabled":true,"_links":{"self":[{"href":"https:\/\/huehuecoyotl.net\/inicio\/wp-json\/wp\/v2\/pages\/941","targetHints":{"allow":["GET"]}}],"collection":[{"href":"https:\/\/huehuecoyotl.net\/inicio\/wp-json\/wp\/v2\/pages"}],"about":[{"href":"https:\/\/huehuecoyotl.net\/inicio\/wp-json\/wp\/v2\/types\/page"}],"author":[{"embeddable":true,"href":"https:\/\/huehuecoyotl.net\/inicio\/wp-json\/wp\/v2\/users\/1"}],"replies":[{"embeddable":true,"href":"https:\/\/huehuecoyotl.net\/inicio\/wp-json\/wp\/v2\/comments?post=941"}],"version-history":[{"count":5,"href":"https:\/\/huehuecoyotl.net\/inicio\/wp-json\/wp\/v2\/pages\/941\/revisions"}],"predecessor-version":[{"id":1022,"href":"https:\/\/huehuecoyotl.net\/inicio\/wp-json\/wp\/v2\/pages\/941\/revisions\/1022"}],"wp:attachment":[{"href":"https:\/\/huehuecoyotl.net\/inicio\/wp-json\/wp\/v2\/media?parent=941"}],"curies":[{"name":"wp","href":"https:\/\/api.w.org\/{rel}","templated":true}]}}