{"id":889,"date":"2022-12-21T21:50:51","date_gmt":"2022-12-21T21:50:51","guid":{"rendered":"https:\/\/huehuecoyotl.net\/inicio\/?page_id=889"},"modified":"2022-12-24T03:00:23","modified_gmt":"2022-12-24T03:00:23","slug":"bea-briggs","status":"publish","type":"page","link":"https:\/\/huehuecoyotl.net\/inicio\/bea-briggs\/","title":{"rendered":"Bea Briggs"},"content":{"rendered":"\n<figure class=\"wp-block-image size-full\"><img data-recalc-dims=\"1\" decoding=\"async\" src=\"https:\/\/i0.wp.com\/huehuecoyotl.net\/inicio\/wp-content\/uploads\/2022\/12\/Bea.jpg?ssl=1\" alt=\"\" class=\"wp-image-885\"\/><\/figure>\n\n\n\n<p>Nacida en Filadelfia, Pensilvania<\/p>\n\n\n\n<p>Instructora de Yoga y entrenadora de procesos de toma de decisi\u00f3n y de din\u00e1micas grupales. Fundadora del Instituto Internacional para la Facilitaci\u00f3n y el Cambio (IIFAC). Se uni\u00f3 a Huehuec\u00f3yotl en 1996<\/p>\n\n\n\n<p>Born in Philadelphia, PA<\/p>\n\n\n\n<p>Yoga instructor and group dinamics trainer. Founder of the International Institute for Facilitation And Change,&nbsp;<a href=\"http:\/\/www.iifac.org\/\">IIFAC<\/a>. Joined Huehuecoyotl in 1996.<\/p>\n\n\n\n<p><br>Email: briggsbea@mac.com<\/p>\n\n\n\n<figure class=\"wp-block-image size-full\"><img data-recalc-dims=\"1\" fetchpriority=\"high\" decoding=\"async\" width=\"376\" height=\"282\" src=\"https:\/\/i0.wp.com\/huehuecoyotl.net\/inicio\/wp-content\/uploads\/2022\/12\/Bea-Teaching.jpg?resize=376%2C282&#038;ssl=1\" alt=\"\" class=\"wp-image-905\" srcset=\"https:\/\/i0.wp.com\/huehuecoyotl.net\/inicio\/wp-content\/uploads\/2022\/12\/Bea-Teaching.jpg?w=376&amp;ssl=1 376w, https:\/\/i0.wp.com\/huehuecoyotl.net\/inicio\/wp-content\/uploads\/2022\/12\/Bea-Teaching.jpg?resize=300%2C225&amp;ssl=1 300w\" sizes=\"(max-width: 376px) 100vw, 376px\" \/><\/figure>\n","protected":false},"excerpt":{"rendered":"<p>Nacida en Filadelfia, Pensilvania Instructora de Yoga y entrenadora de procesos de toma de decisi\u00f3n y de din\u00e1micas grupales. Fundadora del Instituto Internacional para la Facilitaci\u00f3n y el Cambio (IIFAC). Se uni\u00f3 a Huehuec\u00f3yotl en 1996 Born in Philadelphia, PA Yoga instructor and group dinamics trainer. Founder of the International Institute for Facilitation And Change,&nbsp;IIFAC. &hellip;<\/p>\n<p class=\"read-more\"> <a class=\"\" href=\"https:\/\/huehuecoyotl.net\/inicio\/bea-briggs\/\"> <span class=\"screen-reader-text\">Bea Briggs<\/span> Read More &raquo;<\/a><\/p>\n","protected":false},"author":1,"featured_media":0,"parent":0,"menu_order":0,"comment_status":"closed","ping_status":"closed","template":"","meta":{"om_disable_all_campaigns":false,"site-sidebar-layout":"default","site-content-layout":"default","ast-global-header-display":"","ast-main-header-display":"","ast-hfb-above-header-display":"","ast-hfb-below-header-display":"","ast-hfb-mobile-header-display":"","site-post-title":"","ast-breadcrumbs-content":"","ast-featured-img":"","footer-sml-layout":"","theme-transparent-header-meta":"","adv-header-id-meta":"","stick-header-meta":"","header-above-stick-meta":"","header-main-stick-meta":"","header-below-stick-meta":"","footnotes":""},"class_list":["post-889","page","type-page","status-publish","hentry"],"yoast_head":"<!-- This site is optimized with the Yoast SEO plugin v27.2 - https:\/\/yoast.com\/product\/yoast-seo-wordpress\/ -->\n<title>Bea Briggs - Huehuec\u00f3yotl<\/title>\n<meta name=\"robots\" content=\"index, follow, max-snippet:-1, max-image-preview:large, max-video-preview:-1\" \/>\n<link rel=\"canonical\" href=\"https:\/\/huehuecoyotl.net\/inicio\/bea-briggs\/\" \/>\n<meta property=\"og:locale\" content=\"en_US\" \/>\n<meta property=\"og:type\" content=\"article\" \/>\n<meta property=\"og:title\" content=\"Bea Briggs - Huehuec\u00f3yotl\" \/>\n<meta property=\"og:description\" content=\"Nacida en Filadelfia, Pensilvania Instructora de Yoga y entrenadora de procesos de toma de decisi\u00f3n y de din\u00e1micas grupales. Fundadora del Instituto Internacional para la Facilitaci\u00f3n y el Cambio (IIFAC). Se uni\u00f3 a Huehuec\u00f3yotl en 1996 Born in Philadelphia, PA Yoga instructor and group dinamics trainer. Founder of the International Institute for Facilitation And Change,&nbsp;IIFAC. &hellip; Bea Briggs Read More &raquo;\" \/>\n<meta property=\"og:url\" content=\"https:\/\/huehuecoyotl.net\/inicio\/bea-briggs\/\" \/>\n<meta property=\"og:site_name\" content=\"Huehuec\u00f3yotl\" \/>\n<meta property=\"article:modified_time\" content=\"2022-12-24T03:00:23+00:00\" \/>\n<meta property=\"og:image\" content=\"https:\/\/huehuecoyotl.net\/inicio\/wp-content\/uploads\/2022\/12\/Bea.jpg\" \/>\n<meta name=\"twitter:card\" content=\"summary_large_image\" \/>\n<meta name=\"twitter:label1\" content=\"Est. reading time\" \/>\n\t<meta name=\"twitter:data1\" content=\"1 minute\" \/>\n<script type=\"application\/ld+json\" class=\"yoast-schema-graph\">{\"@context\":\"https:\/\/schema.org\",\"@graph\":[{\"@type\":\"WebPage\",\"@id\":\"https:\/\/huehuecoyotl.net\/inicio\/bea-briggs\/\",\"url\":\"https:\/\/huehuecoyotl.net\/inicio\/bea-briggs\/\",\"name\":\"Bea Briggs - Huehuec\u00f3yotl\",\"isPartOf\":{\"@id\":\"https:\/\/huehuecoyotl.net\/inicio\/#website\"},\"primaryImageOfPage\":{\"@id\":\"https:\/\/huehuecoyotl.net\/inicio\/bea-briggs\/#primaryimage\"},\"image\":{\"@id\":\"https:\/\/huehuecoyotl.net\/inicio\/bea-briggs\/#primaryimage\"},\"thumbnailUrl\":\"https:\/\/huehuecoyotl.net\/inicio\/wp-content\/uploads\/2022\/12\/Bea.jpg\",\"datePublished\":\"2022-12-21T21:50:51+00:00\",\"dateModified\":\"2022-12-24T03:00:23+00:00\",\"breadcrumb\":{\"@id\":\"https:\/\/huehuecoyotl.net\/inicio\/bea-briggs\/#breadcrumb\"},\"inLanguage\":\"en-US\",\"potentialAction\":[{\"@type\":\"ReadAction\",\"target\":[\"https:\/\/huehuecoyotl.net\/inicio\/bea-briggs\/\"]}]},{\"@type\":\"ImageObject\",\"inLanguage\":\"en-US\",\"@id\":\"https:\/\/huehuecoyotl.net\/inicio\/bea-briggs\/#primaryimage\",\"url\":\"https:\/\/i0.wp.com\/huehuecoyotl.net\/inicio\/wp-content\/uploads\/2022\/12\/Bea-e1671861092871.jpg?fit=223%2C254&ssl=1\",\"contentUrl\":\"https:\/\/i0.wp.com\/huehuecoyotl.net\/inicio\/wp-content\/uploads\/2022\/12\/Bea-e1671861092871.jpg?fit=223%2C254&ssl=1\",\"width\":223,\"height\":254},{\"@type\":\"BreadcrumbList\",\"@id\":\"https:\/\/huehuecoyotl.net\/inicio\/bea-briggs\/#breadcrumb\",\"itemListElement\":[{\"@type\":\"ListItem\",\"position\":1,\"name\":\"Home\",\"item\":\"https:\/\/huehuecoyotl.net\/inicio\/\"},{\"@type\":\"ListItem\",\"position\":2,\"name\":\"Bea Briggs\"}]},{\"@type\":\"WebSite\",\"@id\":\"https:\/\/huehuecoyotl.net\/inicio\/#website\",\"url\":\"https:\/\/huehuecoyotl.net\/inicio\/\",\"name\":\"Huehuec\u00f3yotl\",\"description\":\"eco-aldea\",\"potentialAction\":[{\"@type\":\"SearchAction\",\"target\":{\"@type\":\"EntryPoint\",\"urlTemplate\":\"https:\/\/huehuecoyotl.net\/inicio\/?s={search_term_string}\"},\"query-input\":{\"@type\":\"PropertyValueSpecification\",\"valueRequired\":true,\"valueName\":\"search_term_string\"}}],\"inLanguage\":\"en-US\"}]}<\/script>\n<!-- \/ Yoast SEO plugin. -->","yoast_head_json":{"title":"Bea Briggs - Huehuec\u00f3yotl","robots":{"index":"index","follow":"follow","max-snippet":"max-snippet:-1","max-image-preview":"max-image-preview:large","max-video-preview":"max-video-preview:-1"},"canonical":"https:\/\/huehuecoyotl.net\/inicio\/bea-briggs\/","og_locale":"en_US","og_type":"article","og_title":"Bea Briggs - Huehuec\u00f3yotl","og_description":"Nacida en Filadelfia, Pensilvania Instructora de Yoga y entrenadora de procesos de toma de decisi\u00f3n y de din\u00e1micas grupales. Fundadora del Instituto Internacional para la Facilitaci\u00f3n y el Cambio (IIFAC). Se uni\u00f3 a Huehuec\u00f3yotl en 1996 Born in Philadelphia, PA Yoga instructor and group dinamics trainer. Founder of the International Institute for Facilitation And Change,&nbsp;IIFAC. &hellip; Bea Briggs Read More &raquo;","og_url":"https:\/\/huehuecoyotl.net\/inicio\/bea-briggs\/","og_site_name":"Huehuec\u00f3yotl","article_modified_time":"2022-12-24T03:00:23+00:00","og_image":[{"url":"https:\/\/huehuecoyotl.net\/inicio\/wp-content\/uploads\/2022\/12\/Bea.jpg","type":"","width":"","height":""}],"twitter_card":"summary_large_image","twitter_misc":{"Est. reading time":"1 minute"},"schema":{"@context":"https:\/\/schema.org","@graph":[{"@type":"WebPage","@id":"https:\/\/huehuecoyotl.net\/inicio\/bea-briggs\/","url":"https:\/\/huehuecoyotl.net\/inicio\/bea-briggs\/","name":"Bea Briggs - Huehuec\u00f3yotl","isPartOf":{"@id":"https:\/\/huehuecoyotl.net\/inicio\/#website"},"primaryImageOfPage":{"@id":"https:\/\/huehuecoyotl.net\/inicio\/bea-briggs\/#primaryimage"},"image":{"@id":"https:\/\/huehuecoyotl.net\/inicio\/bea-briggs\/#primaryimage"},"thumbnailUrl":"https:\/\/huehuecoyotl.net\/inicio\/wp-content\/uploads\/2022\/12\/Bea.jpg","datePublished":"2022-12-21T21:50:51+00:00","dateModified":"2022-12-24T03:00:23+00:00","breadcrumb":{"@id":"https:\/\/huehuecoyotl.net\/inicio\/bea-briggs\/#breadcrumb"},"inLanguage":"en-US","potentialAction":[{"@type":"ReadAction","target":["https:\/\/huehuecoyotl.net\/inicio\/bea-briggs\/"]}]},{"@type":"ImageObject","inLanguage":"en-US","@id":"https:\/\/huehuecoyotl.net\/inicio\/bea-briggs\/#primaryimage","url":"https:\/\/i0.wp.com\/huehuecoyotl.net\/inicio\/wp-content\/uploads\/2022\/12\/Bea-e1671861092871.jpg?fit=223%2C254&ssl=1","contentUrl":"https:\/\/i0.wp.com\/huehuecoyotl.net\/inicio\/wp-content\/uploads\/2022\/12\/Bea-e1671861092871.jpg?fit=223%2C254&ssl=1","width":223,"height":254},{"@type":"BreadcrumbList","@id":"https:\/\/huehuecoyotl.net\/inicio\/bea-briggs\/#breadcrumb","itemListElement":[{"@type":"ListItem","position":1,"name":"Home","item":"https:\/\/huehuecoyotl.net\/inicio\/"},{"@type":"ListItem","position":2,"name":"Bea Briggs"}]},{"@type":"WebSite","@id":"https:\/\/huehuecoyotl.net\/inicio\/#website","url":"https:\/\/huehuecoyotl.net\/inicio\/","name":"Huehuec\u00f3yotl","description":"eco-aldea","potentialAction":[{"@type":"SearchAction","target":{"@type":"EntryPoint","urlTemplate":"https:\/\/huehuecoyotl.net\/inicio\/?s={search_term_string}"},"query-input":{"@type":"PropertyValueSpecification","valueRequired":true,"valueName":"search_term_string"}}],"inLanguage":"en-US"}]}},"jetpack_sharing_enabled":true,"_links":{"self":[{"href":"https:\/\/huehuecoyotl.net\/inicio\/wp-json\/wp\/v2\/pages\/889","targetHints":{"allow":["GET"]}}],"collection":[{"href":"https:\/\/huehuecoyotl.net\/inicio\/wp-json\/wp\/v2\/pages"}],"about":[{"href":"https:\/\/huehuecoyotl.net\/inicio\/wp-json\/wp\/v2\/types\/page"}],"author":[{"embeddable":true,"href":"https:\/\/huehuecoyotl.net\/inicio\/wp-json\/wp\/v2\/users\/1"}],"replies":[{"embeddable":true,"href":"https:\/\/huehuecoyotl.net\/inicio\/wp-json\/wp\/v2\/comments?post=889"}],"version-history":[{"count":3,"href":"https:\/\/huehuecoyotl.net\/inicio\/wp-json\/wp\/v2\/pages\/889\/revisions"}],"predecessor-version":[{"id":906,"href":"https:\/\/huehuecoyotl.net\/inicio\/wp-json\/wp\/v2\/pages\/889\/revisions\/906"}],"wp:attachment":[{"href":"https:\/\/huehuecoyotl.net\/inicio\/wp-json\/wp\/v2\/media?parent=889"}],"curies":[{"name":"wp","href":"https:\/\/api.w.org\/{rel}","templated":true}]}}