{"id":871,"date":"2022-12-21T21:38:56","date_gmt":"2022-12-21T21:38:56","guid":{"rendered":"https:\/\/huehuecoyotl.net\/inicio\/?page_id=871"},"modified":"2022-12-24T06:01:22","modified_gmt":"2022-12-24T06:01:22","slug":"pernille-nash","status":"publish","type":"page","link":"https:\/\/huehuecoyotl.net\/inicio\/pernille-nash\/","title":{"rendered":"Pernille Nash"},"content":{"rendered":"\n<figure class=\"wp-block-image size-full is-resized\"><img data-recalc-dims=\"1\" decoding=\"async\" src=\"https:\/\/i0.wp.com\/huehuecoyotl.net\/inicio\/wp-content\/uploads\/2022\/12\/Pernille.jpg?resize=250%2C188&#038;ssl=1\" alt=\"\" class=\"wp-image-795\" width=\"250\" height=\"188\"\/><figcaption class=\"wp-element-caption\"><strong>Pernille Nash e Ixchel<\/strong><\/figcaption><\/figure>\n\n\n\n<p>Nac\u00ed y crec\u00ed en Dinamarca, soy hija de J\u00f6rgen Nash, pintor y poeta del centro art\u00edstico Drakabygget en Suecia, donde conoc\u00ed a un grupo de mexicanos con los que fui a viajar por todo el mundo, aprendiendo teatro y m\u00fasica. Ellos se convirtieron en mi segunda familia de por vida.<\/p>\n\n\n\n<p>Pernille es artista dedicada a la m\u00fasica y el teatro. Hoy d\u00eda su ocupaci\u00f3n es en RELACIONES INTERIORES.<\/p>\n\n\n\n<p>El 6 de marzo de 1982, mismo d\u00eda de nacimiento de mi hija Parvati, compramos el terreno de Huehuecoyotl, donde poco a poco fuimos construyendo nuestra querida eco-aldea, mientras hac\u00edamos teatro y m\u00fasica por todo M\u00e9xico, con nuestro grupo que llamamos \u201clos elefantes iluminados\u201d.&nbsp;M\u00e1s adelante, mi esposo Jorge Castro, que en paz descanse, Giovanni, Kathy y yo fundamos el grupo musical \u201cMambule\u201d, con \u00e9l viajamos en giras y conciertos, talleres de construcci\u00f3n de instrumentos prehisp\u00e1nicos, africanos y orientales, por diferentes pa\u00edses del mundo.<\/p>\n\n\n\n<p>Con Huehue tengo una historia de cari\u00f1o profundo, la belleza de los cerros, la paz, mi experiencia art\u00edstica, evoluci\u00f3n personal y el crecimiento de la comunidad. Aqu\u00ed he visto crecer a mis hijos, Oliver, Rama, Parvati y Samanta, he presenciado ceremonias, bautizos, bodas, temazcales, partidas de seres muy queridos y nacimientos de hijos de mis mejores amigos. He vivido y sigo viviendo, lo que es la convivencia diaria con una comunidad y el trabajo que hemos hecho durante los a\u00f1os para construir y mantener este lugar. Juntos realizamos nuestros sue\u00f1os y seguimos rompiendo barreras con pasi\u00f3n, tolerancia y amor.<\/p>\n\n\n\n<p>Pernille Nash<br>Email: pernillenash@hotmail.com<\/p>\n\n\n\n<p>tel en M\u00e9xico: 739-395-5015<\/p>\n\n\n\n<p><\/p>\n","protected":false},"excerpt":{"rendered":"<p>Nac\u00ed y crec\u00ed en Dinamarca, soy hija de J\u00f6rgen Nash, pintor y poeta del centro art\u00edstico Drakabygget en Suecia, donde conoc\u00ed a un grupo de mexicanos con los que fui a viajar por todo el mundo, aprendiendo teatro y m\u00fasica. Ellos se convirtieron en mi segunda familia de por vida. Pernille es artista dedicada a &hellip;<\/p>\n<p class=\"read-more\"> <a class=\"\" href=\"https:\/\/huehuecoyotl.net\/inicio\/pernille-nash\/\"> <span class=\"screen-reader-text\">Pernille Nash<\/span> Read More &raquo;<\/a><\/p>\n","protected":false},"author":1,"featured_media":0,"parent":0,"menu_order":0,"comment_status":"closed","ping_status":"closed","template":"","meta":{"om_disable_all_campaigns":false,"site-sidebar-layout":"default","site-content-layout":"default","ast-global-header-display":"","ast-main-header-display":"","ast-hfb-above-header-display":"","ast-hfb-below-header-display":"","ast-hfb-mobile-header-display":"","site-post-title":"","ast-breadcrumbs-content":"","ast-featured-img":"","footer-sml-layout":"","theme-transparent-header-meta":"","adv-header-id-meta":"","stick-header-meta":"","header-above-stick-meta":"","header-main-stick-meta":"","header-below-stick-meta":"","footnotes":""},"class_list":["post-871","page","type-page","status-publish","hentry"],"yoast_head":"<!-- This site is optimized with the Yoast SEO plugin v27.2 - https:\/\/yoast.com\/product\/yoast-seo-wordpress\/ -->\n<title>Pernille Nash - Huehuec\u00f3yotl<\/title>\n<meta name=\"robots\" content=\"index, follow, max-snippet:-1, max-image-preview:large, max-video-preview:-1\" \/>\n<link rel=\"canonical\" href=\"https:\/\/huehuecoyotl.net\/inicio\/pernille-nash\/\" \/>\n<meta property=\"og:locale\" content=\"en_US\" \/>\n<meta property=\"og:type\" content=\"article\" \/>\n<meta property=\"og:title\" content=\"Pernille Nash - Huehuec\u00f3yotl\" \/>\n<meta property=\"og:description\" content=\"Nac\u00ed y crec\u00ed en Dinamarca, soy hija de J\u00f6rgen Nash, pintor y poeta del centro art\u00edstico Drakabygget en Suecia, donde conoc\u00ed a un grupo de mexicanos con los que fui a viajar por todo el mundo, aprendiendo teatro y m\u00fasica. Ellos se convirtieron en mi segunda familia de por vida. Pernille es artista dedicada a &hellip; Pernille Nash Read More &raquo;\" \/>\n<meta property=\"og:url\" content=\"https:\/\/huehuecoyotl.net\/inicio\/pernille-nash\/\" \/>\n<meta property=\"og:site_name\" content=\"Huehuec\u00f3yotl\" \/>\n<meta property=\"article:modified_time\" content=\"2022-12-24T06:01:22+00:00\" \/>\n<meta property=\"og:image\" content=\"https:\/\/huehuecoyotl.net\/inicio\/wp-content\/uploads\/2022\/12\/Pernille.jpg\" \/>\n<meta name=\"twitter:card\" content=\"summary_large_image\" \/>\n<meta name=\"twitter:label1\" content=\"Est. reading time\" \/>\n\t<meta name=\"twitter:data1\" content=\"2 minutes\" \/>\n<script type=\"application\/ld+json\" class=\"yoast-schema-graph\">{\"@context\":\"https:\/\/schema.org\",\"@graph\":[{\"@type\":\"WebPage\",\"@id\":\"https:\/\/huehuecoyotl.net\/inicio\/pernille-nash\/\",\"url\":\"https:\/\/huehuecoyotl.net\/inicio\/pernille-nash\/\",\"name\":\"Pernille Nash - Huehuec\u00f3yotl\",\"isPartOf\":{\"@id\":\"https:\/\/huehuecoyotl.net\/inicio\/#website\"},\"primaryImageOfPage\":{\"@id\":\"https:\/\/huehuecoyotl.net\/inicio\/pernille-nash\/#primaryimage\"},\"image\":{\"@id\":\"https:\/\/huehuecoyotl.net\/inicio\/pernille-nash\/#primaryimage\"},\"thumbnailUrl\":\"https:\/\/huehuecoyotl.net\/inicio\/wp-content\/uploads\/2022\/12\/Pernille.jpg\",\"datePublished\":\"2022-12-21T21:38:56+00:00\",\"dateModified\":\"2022-12-24T06:01:22+00:00\",\"breadcrumb\":{\"@id\":\"https:\/\/huehuecoyotl.net\/inicio\/pernille-nash\/#breadcrumb\"},\"inLanguage\":\"en-US\",\"potentialAction\":[{\"@type\":\"ReadAction\",\"target\":[\"https:\/\/huehuecoyotl.net\/inicio\/pernille-nash\/\"]}]},{\"@type\":\"ImageObject\",\"inLanguage\":\"en-US\",\"@id\":\"https:\/\/huehuecoyotl.net\/inicio\/pernille-nash\/#primaryimage\",\"url\":\"https:\/\/i0.wp.com\/huehuecoyotl.net\/inicio\/wp-content\/uploads\/2022\/12\/Pernille.jpg?fit=300%2C225&ssl=1\",\"contentUrl\":\"https:\/\/i0.wp.com\/huehuecoyotl.net\/inicio\/wp-content\/uploads\/2022\/12\/Pernille.jpg?fit=300%2C225&ssl=1\",\"width\":300,\"height\":225},{\"@type\":\"BreadcrumbList\",\"@id\":\"https:\/\/huehuecoyotl.net\/inicio\/pernille-nash\/#breadcrumb\",\"itemListElement\":[{\"@type\":\"ListItem\",\"position\":1,\"name\":\"Home\",\"item\":\"https:\/\/huehuecoyotl.net\/inicio\/\"},{\"@type\":\"ListItem\",\"position\":2,\"name\":\"Pernille Nash\"}]},{\"@type\":\"WebSite\",\"@id\":\"https:\/\/huehuecoyotl.net\/inicio\/#website\",\"url\":\"https:\/\/huehuecoyotl.net\/inicio\/\",\"name\":\"Huehuec\u00f3yotl\",\"description\":\"eco-aldea\",\"potentialAction\":[{\"@type\":\"SearchAction\",\"target\":{\"@type\":\"EntryPoint\",\"urlTemplate\":\"https:\/\/huehuecoyotl.net\/inicio\/?s={search_term_string}\"},\"query-input\":{\"@type\":\"PropertyValueSpecification\",\"valueRequired\":true,\"valueName\":\"search_term_string\"}}],\"inLanguage\":\"en-US\"}]}<\/script>\n<!-- \/ Yoast SEO plugin. -->","yoast_head_json":{"title":"Pernille Nash - Huehuec\u00f3yotl","robots":{"index":"index","follow":"follow","max-snippet":"max-snippet:-1","max-image-preview":"max-image-preview:large","max-video-preview":"max-video-preview:-1"},"canonical":"https:\/\/huehuecoyotl.net\/inicio\/pernille-nash\/","og_locale":"en_US","og_type":"article","og_title":"Pernille Nash - Huehuec\u00f3yotl","og_description":"Nac\u00ed y crec\u00ed en Dinamarca, soy hija de J\u00f6rgen Nash, pintor y poeta del centro art\u00edstico Drakabygget en Suecia, donde conoc\u00ed a un grupo de mexicanos con los que fui a viajar por todo el mundo, aprendiendo teatro y m\u00fasica. Ellos se convirtieron en mi segunda familia de por vida. Pernille es artista dedicada a &hellip; Pernille Nash Read More &raquo;","og_url":"https:\/\/huehuecoyotl.net\/inicio\/pernille-nash\/","og_site_name":"Huehuec\u00f3yotl","article_modified_time":"2022-12-24T06:01:22+00:00","og_image":[{"url":"https:\/\/huehuecoyotl.net\/inicio\/wp-content\/uploads\/2022\/12\/Pernille.jpg","type":"","width":"","height":""}],"twitter_card":"summary_large_image","twitter_misc":{"Est. reading time":"2 minutes"},"schema":{"@context":"https:\/\/schema.org","@graph":[{"@type":"WebPage","@id":"https:\/\/huehuecoyotl.net\/inicio\/pernille-nash\/","url":"https:\/\/huehuecoyotl.net\/inicio\/pernille-nash\/","name":"Pernille Nash - Huehuec\u00f3yotl","isPartOf":{"@id":"https:\/\/huehuecoyotl.net\/inicio\/#website"},"primaryImageOfPage":{"@id":"https:\/\/huehuecoyotl.net\/inicio\/pernille-nash\/#primaryimage"},"image":{"@id":"https:\/\/huehuecoyotl.net\/inicio\/pernille-nash\/#primaryimage"},"thumbnailUrl":"https:\/\/huehuecoyotl.net\/inicio\/wp-content\/uploads\/2022\/12\/Pernille.jpg","datePublished":"2022-12-21T21:38:56+00:00","dateModified":"2022-12-24T06:01:22+00:00","breadcrumb":{"@id":"https:\/\/huehuecoyotl.net\/inicio\/pernille-nash\/#breadcrumb"},"inLanguage":"en-US","potentialAction":[{"@type":"ReadAction","target":["https:\/\/huehuecoyotl.net\/inicio\/pernille-nash\/"]}]},{"@type":"ImageObject","inLanguage":"en-US","@id":"https:\/\/huehuecoyotl.net\/inicio\/pernille-nash\/#primaryimage","url":"https:\/\/i0.wp.com\/huehuecoyotl.net\/inicio\/wp-content\/uploads\/2022\/12\/Pernille.jpg?fit=300%2C225&ssl=1","contentUrl":"https:\/\/i0.wp.com\/huehuecoyotl.net\/inicio\/wp-content\/uploads\/2022\/12\/Pernille.jpg?fit=300%2C225&ssl=1","width":300,"height":225},{"@type":"BreadcrumbList","@id":"https:\/\/huehuecoyotl.net\/inicio\/pernille-nash\/#breadcrumb","itemListElement":[{"@type":"ListItem","position":1,"name":"Home","item":"https:\/\/huehuecoyotl.net\/inicio\/"},{"@type":"ListItem","position":2,"name":"Pernille Nash"}]},{"@type":"WebSite","@id":"https:\/\/huehuecoyotl.net\/inicio\/#website","url":"https:\/\/huehuecoyotl.net\/inicio\/","name":"Huehuec\u00f3yotl","description":"eco-aldea","potentialAction":[{"@type":"SearchAction","target":{"@type":"EntryPoint","urlTemplate":"https:\/\/huehuecoyotl.net\/inicio\/?s={search_term_string}"},"query-input":{"@type":"PropertyValueSpecification","valueRequired":true,"valueName":"search_term_string"}}],"inLanguage":"en-US"}]}},"jetpack_sharing_enabled":true,"_links":{"self":[{"href":"https:\/\/huehuecoyotl.net\/inicio\/wp-json\/wp\/v2\/pages\/871","targetHints":{"allow":["GET"]}}],"collection":[{"href":"https:\/\/huehuecoyotl.net\/inicio\/wp-json\/wp\/v2\/pages"}],"about":[{"href":"https:\/\/huehuecoyotl.net\/inicio\/wp-json\/wp\/v2\/types\/page"}],"author":[{"embeddable":true,"href":"https:\/\/huehuecoyotl.net\/inicio\/wp-json\/wp\/v2\/users\/1"}],"replies":[{"embeddable":true,"href":"https:\/\/huehuecoyotl.net\/inicio\/wp-json\/wp\/v2\/comments?post=871"}],"version-history":[{"count":5,"href":"https:\/\/huehuecoyotl.net\/inicio\/wp-json\/wp\/v2\/pages\/871\/revisions"}],"predecessor-version":[{"id":1155,"href":"https:\/\/huehuecoyotl.net\/inicio\/wp-json\/wp\/v2\/pages\/871\/revisions\/1155"}],"wp:attachment":[{"href":"https:\/\/huehuecoyotl.net\/inicio\/wp-json\/wp\/v2\/media?parent=871"}],"curies":[{"name":"wp","href":"https:\/\/api.w.org\/{rel}","templated":true}]}}