{"id":1120,"date":"2022-12-24T05:41:13","date_gmt":"2022-12-24T05:41:13","guid":{"rendered":"https:\/\/huehuecoyotl.net\/inicio\/?page_id=1120"},"modified":"2022-12-24T05:49:17","modified_gmt":"2022-12-24T05:49:17","slug":"paolo-molina","status":"publish","type":"page","link":"https:\/\/huehuecoyotl.net\/inicio\/paolo-molina\/","title":{"rendered":"Paolo Molina"},"content":{"rendered":"\n<figure class=\"wp-block-image size-full is-resized\"><img data-recalc-dims=\"1\" fetchpriority=\"high\" decoding=\"async\" src=\"https:\/\/i0.wp.com\/huehuecoyotl.net\/inicio\/wp-content\/uploads\/2022\/12\/Paolo-Emily-y-Andresito-1024x768-1-e1671860326469.jpg?resize=492%2C360&#038;ssl=1\" alt=\"\" class=\"wp-image-1116\" width=\"492\" height=\"360\" srcset=\"https:\/\/i0.wp.com\/huehuecoyotl.net\/inicio\/wp-content\/uploads\/2022\/12\/Paolo-Emily-y-Andresito-1024x768-1-e1671860326469.jpg?w=770&amp;ssl=1 770w, https:\/\/i0.wp.com\/huehuecoyotl.net\/inicio\/wp-content\/uploads\/2022\/12\/Paolo-Emily-y-Andresito-1024x768-1-e1671860326469.jpg?resize=300%2C219&amp;ssl=1 300w, https:\/\/i0.wp.com\/huehuecoyotl.net\/inicio\/wp-content\/uploads\/2022\/12\/Paolo-Emily-y-Andresito-1024x768-1-e1671860326469.jpg?resize=768%2C562&amp;ssl=1 768w\" sizes=\"(max-width: 492px) 100vw, 492px\" \/><figcaption class=\"wp-element-caption\"><strong>Paolo Molina, acompa\u00f1ado por sus hijos Andr\u00e9s y Emiliano<\/strong><\/figcaption><\/figure>\n\n\n\n<p><em>Nacido en Mil\u00e1n, Italia<strong>.&nbsp;<\/strong><\/em><em>Pablo ha sido miembro de Huehuec\u00f3yotl desde el a\u00f1o 1984. Padre de Andr\u00e9s y Emiliano. Escribe y compone m\u00fasica como hobbie, le gusta el futbol, el tequila y las novelas y pel\u00edculas de acci\u00f3n. Actual compa\u00f1ero de Lourdes Ondategi. Representante de maquinaria para fabricas textiles, para una firma italiana establecida en M\u00e9xico desde hace muchos a\u00f1os.<\/em><\/p>\n\n\n\n<p><em>Email: paolomolina@hotmail.com<\/em><\/p>\n\n\n\n<figure class=\"wp-block-image aligncenter size-full is-resized\"><img data-recalc-dims=\"1\" decoding=\"async\" src=\"https:\/\/i0.wp.com\/huehuecoyotl.net\/inicio\/wp-content\/uploads\/2022\/12\/DSCN4704-300x225-1.jpg?resize=315%2C236&#038;ssl=1\" alt=\"\" class=\"wp-image-1127\" width=\"315\" height=\"236\"\/><figcaption class=\"wp-element-caption\"><strong>Paolo trayendo a los mariachis en el cumplea\u00f1os de Lourdes<\/strong><\/figcaption><\/figure>\n\n\n\n<p><em>Born in Milano, Italy. Paolo has been a member of Huehuecoyotl since 1984. Plays music and writes. He is a textile sales representative for an Italian firm in Mexico.<\/em><\/p>\n\n\n\n<p><em>Email: paolomolina@hotmail.com<\/em><\/p>\n\n\n\n<h3 class=\"has-text-align-center wp-block-heading\">\u201cYo disfruto mucho cada momento que paso en Huehuec\u00f3yotl\u2026\u201d Paolo<\/h3>\n\n\n\n<figure class=\"wp-block-image aligncenter size-full is-resized\"><img data-recalc-dims=\"1\" decoding=\"async\" src=\"https:\/\/i0.wp.com\/huehuecoyotl.net\/inicio\/wp-content\/uploads\/2022\/12\/Chalma-Visita-Ixi-261-225x300-1.jpg?resize=269%2C359&#038;ssl=1\" alt=\"\" class=\"wp-image-1129\" width=\"269\" height=\"359\"\/><\/figure>\n\n\n\n<figure class=\"wp-block-image aligncenter size-full is-resized\"><img data-recalc-dims=\"1\" loading=\"lazy\" decoding=\"async\" src=\"https:\/\/i0.wp.com\/huehuecoyotl.net\/inicio\/wp-content\/uploads\/2022\/12\/Paolo-y-Ezra-en-HH-300x225-1.jpg?resize=271%2C203&#038;ssl=1\" alt=\"\" class=\"wp-image-1130\" width=\"271\" height=\"203\"\/><\/figure>\n","protected":false},"excerpt":{"rendered":"<p>Nacido en Mil\u00e1n, Italia.&nbsp;Pablo ha sido miembro de Huehuec\u00f3yotl desde el a\u00f1o 1984. Padre de Andr\u00e9s y Emiliano. Escribe y compone m\u00fasica como hobbie, le gusta el futbol, el tequila y las novelas y pel\u00edculas de acci\u00f3n. Actual compa\u00f1ero de Lourdes Ondategi. Representante de maquinaria para fabricas textiles, para una firma italiana establecida en M\u00e9xico &hellip;<\/p>\n<p class=\"read-more\"> <a class=\"\" href=\"https:\/\/huehuecoyotl.net\/inicio\/paolo-molina\/\"> <span class=\"screen-reader-text\">Paolo Molina<\/span> Read More &raquo;<\/a><\/p>\n","protected":false},"author":1,"featured_media":0,"parent":0,"menu_order":0,"comment_status":"closed","ping_status":"closed","template":"","meta":{"om_disable_all_campaigns":false,"site-sidebar-layout":"default","site-content-layout":"default","ast-global-header-display":"","ast-main-header-display":"","ast-hfb-above-header-display":"","ast-hfb-below-header-display":"","ast-hfb-mobile-header-display":"","site-post-title":"","ast-breadcrumbs-content":"","ast-featured-img":"","footer-sml-layout":"","theme-transparent-header-meta":"","adv-header-id-meta":"","stick-header-meta":"","header-above-stick-meta":"","header-main-stick-meta":"","header-below-stick-meta":"","footnotes":""},"class_list":["post-1120","page","type-page","status-publish","hentry"],"yoast_head":"<!-- This site is optimized with the Yoast SEO plugin v27.2 - https:\/\/yoast.com\/product\/yoast-seo-wordpress\/ -->\n<title>Paolo Molina - Huehuec\u00f3yotl<\/title>\n<meta name=\"robots\" content=\"index, follow, max-snippet:-1, max-image-preview:large, max-video-preview:-1\" \/>\n<link rel=\"canonical\" href=\"https:\/\/huehuecoyotl.net\/inicio\/paolo-molina\/\" \/>\n<meta property=\"og:locale\" content=\"en_US\" \/>\n<meta property=\"og:type\" content=\"article\" \/>\n<meta property=\"og:title\" content=\"Paolo Molina - Huehuec\u00f3yotl\" \/>\n<meta property=\"og:description\" content=\"Nacido en Mil\u00e1n, Italia.&nbsp;Pablo ha sido miembro de Huehuec\u00f3yotl desde el a\u00f1o 1984. Padre de Andr\u00e9s y Emiliano. Escribe y compone m\u00fasica como hobbie, le gusta el futbol, el tequila y las novelas y pel\u00edculas de acci\u00f3n. Actual compa\u00f1ero de Lourdes Ondategi. Representante de maquinaria para fabricas textiles, para una firma italiana establecida en M\u00e9xico &hellip; Paolo Molina Read More &raquo;\" \/>\n<meta property=\"og:url\" content=\"https:\/\/huehuecoyotl.net\/inicio\/paolo-molina\/\" \/>\n<meta property=\"og:site_name\" content=\"Huehuec\u00f3yotl\" \/>\n<meta property=\"article:modified_time\" content=\"2022-12-24T05:49:17+00:00\" \/>\n<meta property=\"og:image\" content=\"https:\/\/huehuecoyotl.net\/inicio\/wp-content\/uploads\/2022\/12\/Paolo-Emily-y-Andresito-1024x768-1-e1671860326469.jpg\" \/>\n<meta name=\"twitter:card\" content=\"summary_large_image\" \/>\n<meta name=\"twitter:label1\" content=\"Est. reading time\" \/>\n\t<meta name=\"twitter:data1\" content=\"2 minutes\" \/>\n<script type=\"application\/ld+json\" class=\"yoast-schema-graph\">{\"@context\":\"https:\/\/schema.org\",\"@graph\":[{\"@type\":\"WebPage\",\"@id\":\"https:\/\/huehuecoyotl.net\/inicio\/paolo-molina\/\",\"url\":\"https:\/\/huehuecoyotl.net\/inicio\/paolo-molina\/\",\"name\":\"Paolo Molina - Huehuec\u00f3yotl\",\"isPartOf\":{\"@id\":\"https:\/\/huehuecoyotl.net\/inicio\/#website\"},\"primaryImageOfPage\":{\"@id\":\"https:\/\/huehuecoyotl.net\/inicio\/paolo-molina\/#primaryimage\"},\"image\":{\"@id\":\"https:\/\/huehuecoyotl.net\/inicio\/paolo-molina\/#primaryimage\"},\"thumbnailUrl\":\"https:\/\/huehuecoyotl.net\/inicio\/wp-content\/uploads\/2022\/12\/Paolo-Emily-y-Andresito-1024x768-1-e1671860326469.jpg\",\"datePublished\":\"2022-12-24T05:41:13+00:00\",\"dateModified\":\"2022-12-24T05:49:17+00:00\",\"breadcrumb\":{\"@id\":\"https:\/\/huehuecoyotl.net\/inicio\/paolo-molina\/#breadcrumb\"},\"inLanguage\":\"en-US\",\"potentialAction\":[{\"@type\":\"ReadAction\",\"target\":[\"https:\/\/huehuecoyotl.net\/inicio\/paolo-molina\/\"]}]},{\"@type\":\"ImageObject\",\"inLanguage\":\"en-US\",\"@id\":\"https:\/\/huehuecoyotl.net\/inicio\/paolo-molina\/#primaryimage\",\"url\":\"https:\/\/i0.wp.com\/huehuecoyotl.net\/inicio\/wp-content\/uploads\/2022\/12\/Paolo-Emily-y-Andresito-1024x768-1-e1671860326469.jpg?fit=770%2C563&ssl=1\",\"contentUrl\":\"https:\/\/i0.wp.com\/huehuecoyotl.net\/inicio\/wp-content\/uploads\/2022\/12\/Paolo-Emily-y-Andresito-1024x768-1-e1671860326469.jpg?fit=770%2C563&ssl=1\",\"width\":770,\"height\":563},{\"@type\":\"BreadcrumbList\",\"@id\":\"https:\/\/huehuecoyotl.net\/inicio\/paolo-molina\/#breadcrumb\",\"itemListElement\":[{\"@type\":\"ListItem\",\"position\":1,\"name\":\"Home\",\"item\":\"https:\/\/huehuecoyotl.net\/inicio\/\"},{\"@type\":\"ListItem\",\"position\":2,\"name\":\"Paolo Molina\"}]},{\"@type\":\"WebSite\",\"@id\":\"https:\/\/huehuecoyotl.net\/inicio\/#website\",\"url\":\"https:\/\/huehuecoyotl.net\/inicio\/\",\"name\":\"Huehuec\u00f3yotl\",\"description\":\"eco-aldea\",\"potentialAction\":[{\"@type\":\"SearchAction\",\"target\":{\"@type\":\"EntryPoint\",\"urlTemplate\":\"https:\/\/huehuecoyotl.net\/inicio\/?s={search_term_string}\"},\"query-input\":{\"@type\":\"PropertyValueSpecification\",\"valueRequired\":true,\"valueName\":\"search_term_string\"}}],\"inLanguage\":\"en-US\"}]}<\/script>\n<!-- \/ Yoast SEO plugin. -->","yoast_head_json":{"title":"Paolo Molina - Huehuec\u00f3yotl","robots":{"index":"index","follow":"follow","max-snippet":"max-snippet:-1","max-image-preview":"max-image-preview:large","max-video-preview":"max-video-preview:-1"},"canonical":"https:\/\/huehuecoyotl.net\/inicio\/paolo-molina\/","og_locale":"en_US","og_type":"article","og_title":"Paolo Molina - Huehuec\u00f3yotl","og_description":"Nacido en Mil\u00e1n, Italia.&nbsp;Pablo ha sido miembro de Huehuec\u00f3yotl desde el a\u00f1o 1984. Padre de Andr\u00e9s y Emiliano. Escribe y compone m\u00fasica como hobbie, le gusta el futbol, el tequila y las novelas y pel\u00edculas de acci\u00f3n. Actual compa\u00f1ero de Lourdes Ondategi. Representante de maquinaria para fabricas textiles, para una firma italiana establecida en M\u00e9xico &hellip; Paolo Molina Read More &raquo;","og_url":"https:\/\/huehuecoyotl.net\/inicio\/paolo-molina\/","og_site_name":"Huehuec\u00f3yotl","article_modified_time":"2022-12-24T05:49:17+00:00","og_image":[{"url":"https:\/\/huehuecoyotl.net\/inicio\/wp-content\/uploads\/2022\/12\/Paolo-Emily-y-Andresito-1024x768-1-e1671860326469.jpg","type":"","width":"","height":""}],"twitter_card":"summary_large_image","twitter_misc":{"Est. reading time":"2 minutes"},"schema":{"@context":"https:\/\/schema.org","@graph":[{"@type":"WebPage","@id":"https:\/\/huehuecoyotl.net\/inicio\/paolo-molina\/","url":"https:\/\/huehuecoyotl.net\/inicio\/paolo-molina\/","name":"Paolo Molina - Huehuec\u00f3yotl","isPartOf":{"@id":"https:\/\/huehuecoyotl.net\/inicio\/#website"},"primaryImageOfPage":{"@id":"https:\/\/huehuecoyotl.net\/inicio\/paolo-molina\/#primaryimage"},"image":{"@id":"https:\/\/huehuecoyotl.net\/inicio\/paolo-molina\/#primaryimage"},"thumbnailUrl":"https:\/\/huehuecoyotl.net\/inicio\/wp-content\/uploads\/2022\/12\/Paolo-Emily-y-Andresito-1024x768-1-e1671860326469.jpg","datePublished":"2022-12-24T05:41:13+00:00","dateModified":"2022-12-24T05:49:17+00:00","breadcrumb":{"@id":"https:\/\/huehuecoyotl.net\/inicio\/paolo-molina\/#breadcrumb"},"inLanguage":"en-US","potentialAction":[{"@type":"ReadAction","target":["https:\/\/huehuecoyotl.net\/inicio\/paolo-molina\/"]}]},{"@type":"ImageObject","inLanguage":"en-US","@id":"https:\/\/huehuecoyotl.net\/inicio\/paolo-molina\/#primaryimage","url":"https:\/\/i0.wp.com\/huehuecoyotl.net\/inicio\/wp-content\/uploads\/2022\/12\/Paolo-Emily-y-Andresito-1024x768-1-e1671860326469.jpg?fit=770%2C563&ssl=1","contentUrl":"https:\/\/i0.wp.com\/huehuecoyotl.net\/inicio\/wp-content\/uploads\/2022\/12\/Paolo-Emily-y-Andresito-1024x768-1-e1671860326469.jpg?fit=770%2C563&ssl=1","width":770,"height":563},{"@type":"BreadcrumbList","@id":"https:\/\/huehuecoyotl.net\/inicio\/paolo-molina\/#breadcrumb","itemListElement":[{"@type":"ListItem","position":1,"name":"Home","item":"https:\/\/huehuecoyotl.net\/inicio\/"},{"@type":"ListItem","position":2,"name":"Paolo Molina"}]},{"@type":"WebSite","@id":"https:\/\/huehuecoyotl.net\/inicio\/#website","url":"https:\/\/huehuecoyotl.net\/inicio\/","name":"Huehuec\u00f3yotl","description":"eco-aldea","potentialAction":[{"@type":"SearchAction","target":{"@type":"EntryPoint","urlTemplate":"https:\/\/huehuecoyotl.net\/inicio\/?s={search_term_string}"},"query-input":{"@type":"PropertyValueSpecification","valueRequired":true,"valueName":"search_term_string"}}],"inLanguage":"en-US"}]}},"jetpack_sharing_enabled":true,"_links":{"self":[{"href":"https:\/\/huehuecoyotl.net\/inicio\/wp-json\/wp\/v2\/pages\/1120","targetHints":{"allow":["GET"]}}],"collection":[{"href":"https:\/\/huehuecoyotl.net\/inicio\/wp-json\/wp\/v2\/pages"}],"about":[{"href":"https:\/\/huehuecoyotl.net\/inicio\/wp-json\/wp\/v2\/types\/page"}],"author":[{"embeddable":true,"href":"https:\/\/huehuecoyotl.net\/inicio\/wp-json\/wp\/v2\/users\/1"}],"replies":[{"embeddable":true,"href":"https:\/\/huehuecoyotl.net\/inicio\/wp-json\/wp\/v2\/comments?post=1120"}],"version-history":[{"count":3,"href":"https:\/\/huehuecoyotl.net\/inicio\/wp-json\/wp\/v2\/pages\/1120\/revisions"}],"predecessor-version":[{"id":1131,"href":"https:\/\/huehuecoyotl.net\/inicio\/wp-json\/wp\/v2\/pages\/1120\/revisions\/1131"}],"wp:attachment":[{"href":"https:\/\/huehuecoyotl.net\/inicio\/wp-json\/wp\/v2\/media?parent=1120"}],"curies":[{"name":"wp","href":"https:\/\/api.w.org\/{rel}","templated":true}]}}