{"id":1106,"date":"2022-12-24T05:34:50","date_gmt":"2022-12-24T05:34:50","guid":{"rendered":"https:\/\/huehuecoyotl.net\/inicio\/?page_id=1106"},"modified":"2022-12-24T05:56:20","modified_gmt":"2022-12-24T05:56:20","slug":"giovanni-ciarlo","status":"publish","type":"page","link":"https:\/\/huehuecoyotl.net\/inicio\/giovanni-ciarlo\/","title":{"rendered":"Giovanni Ciarlo"},"content":{"rendered":"\n<figure class=\"wp-block-image size-full is-resized\"><img data-recalc-dims=\"1\" fetchpriority=\"high\" decoding=\"async\" src=\"https:\/\/i0.wp.com\/huehuecoyotl.net\/inicio\/wp-content\/uploads\/2022\/12\/Diseno-de-ecoaldeas-del.4-201-1024x685-2.jpg?resize=481%2C323&#038;ssl=1\" alt=\"\" class=\"wp-image-1112\" width=\"481\" height=\"323\" srcset=\"https:\/\/i0.wp.com\/huehuecoyotl.net\/inicio\/wp-content\/uploads\/2022\/12\/Diseno-de-ecoaldeas-del.4-201-1024x685-2.jpg?w=1024&amp;ssl=1 1024w, https:\/\/i0.wp.com\/huehuecoyotl.net\/inicio\/wp-content\/uploads\/2022\/12\/Diseno-de-ecoaldeas-del.4-201-1024x685-2.jpg?resize=300%2C201&amp;ssl=1 300w, https:\/\/i0.wp.com\/huehuecoyotl.net\/inicio\/wp-content\/uploads\/2022\/12\/Diseno-de-ecoaldeas-del.4-201-1024x685-2.jpg?resize=768%2C514&amp;ssl=1 768w\" sizes=\"(max-width: 481px) 100vw, 481px\" \/><\/figure>\n\n\n\n<p>Giovanni Ciarlo es co-fundador de la Ecoaldea Huehuecoyotl, con un enfoque en la formaci\u00f3n de redes, la pr\u00e1ctica art\u00edstica y ecol\u00f3gica y el desarrollo de estudios acad\u00e9micos y pr\u00e1cticos sobre el dise\u00f1o de asentamientos sustentables. Tambi\u00e9n fue presidente de La Red Global de Ecoaldeas (GEN) entre el 2009 y 2012. En 1996 trabajo para crear la Red de Ecoaldeas de las Am\u00e9ricas (ENA por sus signas en ingl\u00e9s) y sigue formando parte de su mesa directiva.<\/p>\n\n\n\n<p>Giovanni es un educador, actor, m\u00fasico, consultor sobre el proceso de grupos y organizaciones, e incansable agente del cambio. Form\u00f3 parte de la facultad de estudios posgrado de Goddard College, de Vermont. Fue asesor de estudios de maestr\u00eda auto-dirigida sobre los sistemas humanos resilientes bajo el programa de Comunidades y Negocios Sustentables (SBC por sus signas en ingl\u00e9s), .<\/p>\n\n\n\n<p>Trabaja en la administraci\u00f3n de Gaia Education, una ONG de Escocia, con el cargo de Coordinador Acad\u00e9mico en-linea y Desarrollo de Productos Educativos.<\/p>\n\n\n\n<p>Su trabajo como consultor se enfoca en el manejo de equipos de trabajo, la comunicaci\u00f3n compasiva, la facilitaci\u00f3n de grupos, la diversidad, la democracia profunda, la justicia social, y la responsabilidad ante el medio ambiente. Tambi\u00e9n imparte programas de educaci\u00f3n por medio de las artes, en escuelas y con grupos de todas las edades.<\/p>\n\n\n\n<p>Giovanni valora la paciencia, la buena organizaci\u00f3n, y la comprensi\u00f3n de sistemas que conlleven a soluciones innovadoras y pr\u00e1cticas dentro de la inclusividad. Sus escritos se han publicado en varias revistas y libros dedicados a las comunidades sustentables. Sus grabaciones musicales con Sirius Coyote se encuentran en&nbsp;<a href=\"http:\/\/cdbaby.com\/\">CDBaby<\/a><\/p>\n\n\n\n<p>Giovanni fue miembro del grupo de teatro Elefantes Iluminados y ha vivido en comunidades mas de 40 a\u00f1os, desde los a\u00f1os 60s<\/p>\n","protected":false},"excerpt":{"rendered":"<p>Giovanni Ciarlo es co-fundador de la Ecoaldea Huehuecoyotl, con un enfoque en la formaci\u00f3n de redes, la pr\u00e1ctica art\u00edstica y ecol\u00f3gica y el desarrollo de estudios acad\u00e9micos y pr\u00e1cticos sobre el dise\u00f1o de asentamientos sustentables. Tambi\u00e9n fue presidente de La Red Global de Ecoaldeas (GEN) entre el 2009 y 2012. En 1996 trabajo para crear &hellip;<\/p>\n<p class=\"read-more\"> <a class=\"\" href=\"https:\/\/huehuecoyotl.net\/inicio\/giovanni-ciarlo\/\"> <span class=\"screen-reader-text\">Giovanni Ciarlo<\/span> Read More &raquo;<\/a><\/p>\n","protected":false},"author":1,"featured_media":0,"parent":0,"menu_order":0,"comment_status":"closed","ping_status":"closed","template":"","meta":{"om_disable_all_campaigns":false,"site-sidebar-layout":"default","site-content-layout":"default","ast-global-header-display":"","ast-main-header-display":"","ast-hfb-above-header-display":"","ast-hfb-below-header-display":"","ast-hfb-mobile-header-display":"","site-post-title":"","ast-breadcrumbs-content":"","ast-featured-img":"","footer-sml-layout":"","theme-transparent-header-meta":"","adv-header-id-meta":"","stick-header-meta":"","header-above-stick-meta":"","header-main-stick-meta":"","header-below-stick-meta":"","footnotes":""},"class_list":["post-1106","page","type-page","status-publish","hentry"],"yoast_head":"<!-- This site is optimized with the Yoast SEO plugin v27.2 - https:\/\/yoast.com\/product\/yoast-seo-wordpress\/ -->\n<title>Giovanni Ciarlo - Huehuec\u00f3yotl<\/title>\n<meta name=\"robots\" content=\"index, follow, max-snippet:-1, max-image-preview:large, max-video-preview:-1\" \/>\n<link rel=\"canonical\" href=\"https:\/\/huehuecoyotl.net\/inicio\/giovanni-ciarlo\/\" \/>\n<meta property=\"og:locale\" content=\"en_US\" \/>\n<meta property=\"og:type\" content=\"article\" \/>\n<meta property=\"og:title\" content=\"Giovanni Ciarlo - Huehuec\u00f3yotl\" \/>\n<meta property=\"og:description\" content=\"Giovanni Ciarlo es co-fundador de la Ecoaldea Huehuecoyotl, con un enfoque en la formaci\u00f3n de redes, la pr\u00e1ctica art\u00edstica y ecol\u00f3gica y el desarrollo de estudios acad\u00e9micos y pr\u00e1cticos sobre el dise\u00f1o de asentamientos sustentables. Tambi\u00e9n fue presidente de La Red Global de Ecoaldeas (GEN) entre el 2009 y 2012. En 1996 trabajo para crear &hellip; Giovanni Ciarlo Read More &raquo;\" \/>\n<meta property=\"og:url\" content=\"https:\/\/huehuecoyotl.net\/inicio\/giovanni-ciarlo\/\" \/>\n<meta property=\"og:site_name\" content=\"Huehuec\u00f3yotl\" \/>\n<meta property=\"article:modified_time\" content=\"2022-12-24T05:56:20+00:00\" \/>\n<meta property=\"og:image\" content=\"https:\/\/huehuecoyotl.net\/inicio\/wp-content\/uploads\/2022\/12\/Diseno-de-ecoaldeas-del.4-201-1024x685-2.jpg\" \/>\n<meta name=\"twitter:card\" content=\"summary_large_image\" \/>\n<meta name=\"twitter:label1\" content=\"Est. reading time\" \/>\n\t<meta name=\"twitter:data1\" content=\"2 minutes\" \/>\n<script type=\"application\/ld+json\" class=\"yoast-schema-graph\">{\"@context\":\"https:\/\/schema.org\",\"@graph\":[{\"@type\":\"WebPage\",\"@id\":\"https:\/\/huehuecoyotl.net\/inicio\/giovanni-ciarlo\/\",\"url\":\"https:\/\/huehuecoyotl.net\/inicio\/giovanni-ciarlo\/\",\"name\":\"Giovanni Ciarlo - Huehuec\u00f3yotl\",\"isPartOf\":{\"@id\":\"https:\/\/huehuecoyotl.net\/inicio\/#website\"},\"primaryImageOfPage\":{\"@id\":\"https:\/\/huehuecoyotl.net\/inicio\/giovanni-ciarlo\/#primaryimage\"},\"image\":{\"@id\":\"https:\/\/huehuecoyotl.net\/inicio\/giovanni-ciarlo\/#primaryimage\"},\"thumbnailUrl\":\"https:\/\/huehuecoyotl.net\/inicio\/wp-content\/uploads\/2022\/12\/Diseno-de-ecoaldeas-del.4-201-1024x685-2.jpg\",\"datePublished\":\"2022-12-24T05:34:50+00:00\",\"dateModified\":\"2022-12-24T05:56:20+00:00\",\"breadcrumb\":{\"@id\":\"https:\/\/huehuecoyotl.net\/inicio\/giovanni-ciarlo\/#breadcrumb\"},\"inLanguage\":\"en-US\",\"potentialAction\":[{\"@type\":\"ReadAction\",\"target\":[\"https:\/\/huehuecoyotl.net\/inicio\/giovanni-ciarlo\/\"]}]},{\"@type\":\"ImageObject\",\"inLanguage\":\"en-US\",\"@id\":\"https:\/\/huehuecoyotl.net\/inicio\/giovanni-ciarlo\/#primaryimage\",\"url\":\"https:\/\/i0.wp.com\/huehuecoyotl.net\/inicio\/wp-content\/uploads\/2022\/12\/Diseno-de-ecoaldeas-del.4-201-1024x685-2.jpg?fit=1024%2C685&ssl=1\",\"contentUrl\":\"https:\/\/i0.wp.com\/huehuecoyotl.net\/inicio\/wp-content\/uploads\/2022\/12\/Diseno-de-ecoaldeas-del.4-201-1024x685-2.jpg?fit=1024%2C685&ssl=1\",\"width\":1024,\"height\":685},{\"@type\":\"BreadcrumbList\",\"@id\":\"https:\/\/huehuecoyotl.net\/inicio\/giovanni-ciarlo\/#breadcrumb\",\"itemListElement\":[{\"@type\":\"ListItem\",\"position\":1,\"name\":\"Home\",\"item\":\"https:\/\/huehuecoyotl.net\/inicio\/\"},{\"@type\":\"ListItem\",\"position\":2,\"name\":\"Giovanni Ciarlo\"}]},{\"@type\":\"WebSite\",\"@id\":\"https:\/\/huehuecoyotl.net\/inicio\/#website\",\"url\":\"https:\/\/huehuecoyotl.net\/inicio\/\",\"name\":\"Huehuec\u00f3yotl\",\"description\":\"eco-aldea\",\"potentialAction\":[{\"@type\":\"SearchAction\",\"target\":{\"@type\":\"EntryPoint\",\"urlTemplate\":\"https:\/\/huehuecoyotl.net\/inicio\/?s={search_term_string}\"},\"query-input\":{\"@type\":\"PropertyValueSpecification\",\"valueRequired\":true,\"valueName\":\"search_term_string\"}}],\"inLanguage\":\"en-US\"}]}<\/script>\n<!-- \/ Yoast SEO plugin. -->","yoast_head_json":{"title":"Giovanni Ciarlo - Huehuec\u00f3yotl","robots":{"index":"index","follow":"follow","max-snippet":"max-snippet:-1","max-image-preview":"max-image-preview:large","max-video-preview":"max-video-preview:-1"},"canonical":"https:\/\/huehuecoyotl.net\/inicio\/giovanni-ciarlo\/","og_locale":"en_US","og_type":"article","og_title":"Giovanni Ciarlo - Huehuec\u00f3yotl","og_description":"Giovanni Ciarlo es co-fundador de la Ecoaldea Huehuecoyotl, con un enfoque en la formaci\u00f3n de redes, la pr\u00e1ctica art\u00edstica y ecol\u00f3gica y el desarrollo de estudios acad\u00e9micos y pr\u00e1cticos sobre el dise\u00f1o de asentamientos sustentables. Tambi\u00e9n fue presidente de La Red Global de Ecoaldeas (GEN) entre el 2009 y 2012. En 1996 trabajo para crear &hellip; Giovanni Ciarlo Read More &raquo;","og_url":"https:\/\/huehuecoyotl.net\/inicio\/giovanni-ciarlo\/","og_site_name":"Huehuec\u00f3yotl","article_modified_time":"2022-12-24T05:56:20+00:00","og_image":[{"url":"https:\/\/huehuecoyotl.net\/inicio\/wp-content\/uploads\/2022\/12\/Diseno-de-ecoaldeas-del.4-201-1024x685-2.jpg","type":"","width":"","height":""}],"twitter_card":"summary_large_image","twitter_misc":{"Est. reading time":"2 minutes"},"schema":{"@context":"https:\/\/schema.org","@graph":[{"@type":"WebPage","@id":"https:\/\/huehuecoyotl.net\/inicio\/giovanni-ciarlo\/","url":"https:\/\/huehuecoyotl.net\/inicio\/giovanni-ciarlo\/","name":"Giovanni Ciarlo - Huehuec\u00f3yotl","isPartOf":{"@id":"https:\/\/huehuecoyotl.net\/inicio\/#website"},"primaryImageOfPage":{"@id":"https:\/\/huehuecoyotl.net\/inicio\/giovanni-ciarlo\/#primaryimage"},"image":{"@id":"https:\/\/huehuecoyotl.net\/inicio\/giovanni-ciarlo\/#primaryimage"},"thumbnailUrl":"https:\/\/huehuecoyotl.net\/inicio\/wp-content\/uploads\/2022\/12\/Diseno-de-ecoaldeas-del.4-201-1024x685-2.jpg","datePublished":"2022-12-24T05:34:50+00:00","dateModified":"2022-12-24T05:56:20+00:00","breadcrumb":{"@id":"https:\/\/huehuecoyotl.net\/inicio\/giovanni-ciarlo\/#breadcrumb"},"inLanguage":"en-US","potentialAction":[{"@type":"ReadAction","target":["https:\/\/huehuecoyotl.net\/inicio\/giovanni-ciarlo\/"]}]},{"@type":"ImageObject","inLanguage":"en-US","@id":"https:\/\/huehuecoyotl.net\/inicio\/giovanni-ciarlo\/#primaryimage","url":"https:\/\/i0.wp.com\/huehuecoyotl.net\/inicio\/wp-content\/uploads\/2022\/12\/Diseno-de-ecoaldeas-del.4-201-1024x685-2.jpg?fit=1024%2C685&ssl=1","contentUrl":"https:\/\/i0.wp.com\/huehuecoyotl.net\/inicio\/wp-content\/uploads\/2022\/12\/Diseno-de-ecoaldeas-del.4-201-1024x685-2.jpg?fit=1024%2C685&ssl=1","width":1024,"height":685},{"@type":"BreadcrumbList","@id":"https:\/\/huehuecoyotl.net\/inicio\/giovanni-ciarlo\/#breadcrumb","itemListElement":[{"@type":"ListItem","position":1,"name":"Home","item":"https:\/\/huehuecoyotl.net\/inicio\/"},{"@type":"ListItem","position":2,"name":"Giovanni Ciarlo"}]},{"@type":"WebSite","@id":"https:\/\/huehuecoyotl.net\/inicio\/#website","url":"https:\/\/huehuecoyotl.net\/inicio\/","name":"Huehuec\u00f3yotl","description":"eco-aldea","potentialAction":[{"@type":"SearchAction","target":{"@type":"EntryPoint","urlTemplate":"https:\/\/huehuecoyotl.net\/inicio\/?s={search_term_string}"},"query-input":{"@type":"PropertyValueSpecification","valueRequired":true,"valueName":"search_term_string"}}],"inLanguage":"en-US"}]}},"jetpack_sharing_enabled":true,"_links":{"self":[{"href":"https:\/\/huehuecoyotl.net\/inicio\/wp-json\/wp\/v2\/pages\/1106","targetHints":{"allow":["GET"]}}],"collection":[{"href":"https:\/\/huehuecoyotl.net\/inicio\/wp-json\/wp\/v2\/pages"}],"about":[{"href":"https:\/\/huehuecoyotl.net\/inicio\/wp-json\/wp\/v2\/types\/page"}],"author":[{"embeddable":true,"href":"https:\/\/huehuecoyotl.net\/inicio\/wp-json\/wp\/v2\/users\/1"}],"replies":[{"embeddable":true,"href":"https:\/\/huehuecoyotl.net\/inicio\/wp-json\/wp\/v2\/comments?post=1106"}],"version-history":[{"count":4,"href":"https:\/\/huehuecoyotl.net\/inicio\/wp-json\/wp\/v2\/pages\/1106\/revisions"}],"predecessor-version":[{"id":1149,"href":"https:\/\/huehuecoyotl.net\/inicio\/wp-json\/wp\/v2\/pages\/1106\/revisions\/1149"}],"wp:attachment":[{"href":"https:\/\/huehuecoyotl.net\/inicio\/wp-json\/wp\/v2\/media?parent=1106"}],"curies":[{"name":"wp","href":"https:\/\/api.w.org\/{rel}","templated":true}]}}